{"id":264568,"date":"2025-07-07T20:12:16","date_gmt":"2025-07-07T20:12:16","guid":{"rendered":"https:\/\/monicamatteosalinas.com\/?page_id=264568"},"modified":"2025-08-15T20:42:59","modified_gmt":"2025-08-15T20:42:59","slug":"monica-sabe-que","status":"publish","type":"page","link":"https:\/\/www.monicamatteosalinas.com\/es\/monica-sabe-que\/","title":{"rendered":"M\u00f3nica sabe que"},"content":{"rendered":"<p>[et_pb_section fb_built=&#8221;1&#8243; _builder_version=&#8221;4.27.4&#8243; background_enable_color=&#8221;off&#8221; background_enable_image=&#8221;off&#8221; background_position=&#8221;top_center&#8221; custom_margin=&#8221;0px||||false|false&#8221; custom_padding=&#8221;0px||||false|false&#8221; global_colors_info=&#8221;{}&#8221;][et_pb_row column_structure=&#8221;1_2,1_2&#8243; make_equal=&#8221;on&#8221; _builder_version=&#8221;4.27.4&#8243; hover_enabled=&#8221;0&#8243; global_colors_info=&#8221;{}&#8221; sticky_enabled=&#8221;0&#8243;][et_pb_column type=&#8221;1_2&#8243; _builder_version=&#8221;4.27.4&#8243; hover_enabled=&#8221;0&#8243; custom_css_main_element=&#8221;\/*margin: auto auto 0;*\/&#8221; global_colors_info=&#8221;{}&#8221; sticky_enabled=&#8221;0&#8243;][et_pb_image src=&#8221;https:\/\/www.monicamatteosalinas.com\/wp-content\/uploads\/2025\/07\/Monica_wSign.webp&#8221; title_text=&#8221;Monica_wSign&#8221; _builder_version=&#8221;4.27.4&#8243; _module_preset=&#8221;default&#8221; custom_margin=&#8221;||0px||false|false&#8221; custom_padding=&#8221;||0px||false|false&#8221; global_colors_info=&#8221;{}&#8221;][\/et_pb_image][et_pb_text module_class=&#8221;jb_cust_02&#8243; _builder_version=&#8221;4.27.4&#8243; _module_preset=&#8221;default&#8221; custom_margin=&#8221;0px||||false|false&#8221; custom_padding=&#8221;0px||||false|false&#8221; global_colors_info=&#8221;{}&#8221;]<\/p>\n<h3 style=\"text-align: center;\">The most qualified candidate<br \/>for Miami Beach Commissioner<\/h3>\n<p>[\/et_pb_text][\/et_pb_column][et_pb_column type=&#8221;1_2&#8243; _builder_version=&#8221;4.27.4&#8243; custom_css_main_element=&#8221;margin: auto auto 0;&#8221; global_colors_info=&#8221;{}&#8221;][et_pb_image src=&#8221;https:\/\/monicamatteosalinas.com\/wp-content\/uploads\/2025\/07\/Banner-Logo-Only.png&#8221; title_text=&#8221;Banner-Logo-Only&#8221; _builder_version=&#8221;4.27.4&#8243; _module_preset=&#8221;default&#8221; custom_margin=&#8221;|||-90px|false|false&#8221; custom_margin_tablet=&#8221;|||-90px|false|false&#8221; custom_margin_phone=&#8221;|||0px|false|false&#8221; custom_margin_last_edited=&#8221;on|phone&#8221; global_colors_info=&#8221;{}&#8221;][\/et_pb_image][et_pb_image src=&#8221;https:\/\/www.monicamatteosalinas.com\/es\/wp-content\/uploads\/2025\/08\/Monica-sabe-qu.webp&#8221; title_text=&#8221;Monica-sabe-qu&#8221; _builder_version=&#8221;4.27.4&#8243; _module_preset=&#8221;default&#8221; global_colors_info=&#8221;{}&#8221;][\/et_pb_image][et_pb_text module_class=&#8221;jb_content_text&#8221; _builder_version=&#8221;4.27.4&#8243; _module_preset=&#8221;default&#8221; custom_css_free_form=&#8221;selector li{ font-size:18px; padding: 5px 0}&#8221; global_colors_info=&#8221;{}&#8221;]<\/p>\n<p>\u2026el Departamento de Polic\u00eda de Miami Beach (MBPD) necesita aumentar su presencia visible para garantizar la seguridad de nuestros residentes y visitantes.<\/p>\n<ul>\n<li>El desarrollo indiscriminado ha reducido significativamente gran parte del encanto de nuestra ciudad. Para revertir esta situaci\u00f3n, debemos asegurar que nuestra comunidad reciba beneficios p\u00fablicos m\u00e1s justos y adecuados de los nuevos proyectos de desarrollo.<\/li>\n<li>Necesitamos tomar medidas reales para reducir el tr\u00e1fico vehicular, ampliando la flota de tranv\u00edas y apoyando un programa robusto de &amp;quot;park-and-ride&amp;quot; para quienes viven o trabajan fuera de Miami Beach.<\/li>\n<li>El Departamento de Polic\u00eda de Miami Beach (MBPD) debe mantener una presencia visible y actuar con diligencia para que nuestros residentes y visitantes se sientan m\u00e1s seguros.<\/li>\n<li>Nuestros equipos de saneamiento trabajan incansablemente. Debemos asegurarnos de que las empresas privadas de recolecci\u00f3n de basura hagan un mejor trabajo.<\/li>\n<li>Nuestras escuelas p\u00fablicas est\u00e1n entre las mejores del distrito; debemos garantizar que sigan as\u00ed,<br \/>invirtiendo en programas de arte, cultura y tutor\u00edas.<\/li>\n<li>Podemos lograr calles m\u00e1s limpias, seguras y secas mediante un programa simple de limpieza<br \/>regular de drenajes y realizando mejoras de infraestructura donde sea necesario.<\/li>\n<\/ul>\n<p>[\/et_pb_text][\/et_pb_column][\/et_pb_row][\/et_pb_section]<\/p>\n","protected":false},"excerpt":{"rendered":"<p>The most qualified candidatefor Miami Beach Commissioner\u2026el Departamento de Polic\u00eda de Miami Beach (MBPD) necesita aumentar su presencia visible para garantizar la seguridad de nuestros residentes y visitantes. El desarrollo indiscriminado ha reducido significativamente gran parte del encanto de nuestra ciudad. Para revertir esta situaci\u00f3n, debemos asegurar que nuestra comunidad reciba beneficios p\u00fablicos m\u00e1s justos [&hellip;]<\/p>\n","protected":false},"author":1,"featured_media":0,"parent":0,"menu_order":0,"comment_status":"closed","ping_status":"closed","template":"","meta":{"_et_pb_use_builder":"on","_et_pb_old_content":"","_et_gb_content_width":"","footnotes":""},"class_list":["post-264568","page","type-page","status-publish","hentry"],"_links":{"self":[{"href":"https:\/\/www.monicamatteosalinas.com\/es\/wp-json\/wp\/v2\/pages\/264568","targetHints":{"allow":["GET"]}}],"collection":[{"href":"https:\/\/www.monicamatteosalinas.com\/es\/wp-json\/wp\/v2\/pages"}],"about":[{"href":"https:\/\/www.monicamatteosalinas.com\/es\/wp-json\/wp\/v2\/types\/page"}],"author":[{"embeddable":true,"href":"https:\/\/www.monicamatteosalinas.com\/es\/wp-json\/wp\/v2\/users\/1"}],"replies":[{"embeddable":true,"href":"https:\/\/www.monicamatteosalinas.com\/es\/wp-json\/wp\/v2\/comments?post=264568"}],"version-history":[{"count":23,"href":"https:\/\/www.monicamatteosalinas.com\/es\/wp-json\/wp\/v2\/pages\/264568\/revisions"}],"predecessor-version":[{"id":987502074,"href":"https:\/\/www.monicamatteosalinas.com\/es\/wp-json\/wp\/v2\/pages\/264568\/revisions\/987502074"}],"wp:attachment":[{"href":"https:\/\/www.monicamatteosalinas.com\/es\/wp-json\/wp\/v2\/media?parent=264568"}],"curies":[{"name":"wp","href":"https:\/\/api.w.org\/{rel}","templated":true}]}}