{"id":264606,"date":"2025-07-07T21:10:44","date_gmt":"2025-07-07T21:10:44","guid":{"rendered":"https:\/\/monicamatteosalinas.com\/?page_id=264606"},"modified":"2025-09-10T19:25:52","modified_gmt":"2025-09-10T19:25:52","slug":"activista-educativa","status":"publish","type":"page","link":"https:\/\/www.monicamatteosalinas.com\/es\/activista-educativa\/","title":{"rendered":"Activista Educativa"},"content":{"rendered":"<p>[et_pb_section fb_built=&#8221;1&#8243; _builder_version=&#8221;4.27.4&#8243; background_enable_color=&#8221;off&#8221; background_enable_image=&#8221;off&#8221; background_position=&#8221;top_center&#8221; custom_margin=&#8221;0px||||false|false&#8221; custom_padding=&#8221;0px||||false|false&#8221; global_colors_info=&#8221;{}&#8221;][et_pb_row _builder_version=&#8221;4.27.4&#8243; _module_preset=&#8221;default&#8221; custom_margin=&#8221;||0px||false|false&#8221; custom_padding=&#8221;||0px||false|false&#8221; global_colors_info=&#8221;{}&#8221;][et_pb_column type=&#8221;4_4&#8243; _builder_version=&#8221;4.27.4&#8243; _module_preset=&#8221;default&#8221; global_colors_info=&#8221;{}&#8221;][et_pb_image src=&#8221;https:\/\/monicamatteosalinas.com\/wp-content\/uploads\/2025\/07\/Banner-Logo-Only.png&#8221; title_text=&#8221;Banner-Logo-Only&#8221; _builder_version=&#8221;4.27.4&#8243; _module_preset=&#8221;default&#8221; max_width=&#8221;50%&#8221; max_width_tablet=&#8221;50%&#8221; max_width_phone=&#8221;100%&#8221; max_width_last_edited=&#8221;on|phone&#8221; custom_margin=&#8221;|||0px|false|false&#8221; global_colors_info=&#8221;{}&#8221;][\/et_pb_image][\/et_pb_column][\/et_pb_row][et_pb_row column_structure=&#8221;3_5,2_5&#8243; make_equal=&#8221;on&#8221; _builder_version=&#8221;4.27.4&#8243; min_height=&#8221;546.4px&#8221; global_colors_info=&#8221;{}&#8221;][et_pb_column type=&#8221;3_5&#8243; _builder_version=&#8221;4.16&#8243; global_colors_info=&#8221;{}&#8221;][et_pb_image src=&#8221;https:\/\/www.monicamatteosalinas.com\/es\/wp-content\/uploads\/2025\/09\/Activista-Educativa.webp&#8221; title_text=&#8221;Activista-Educativa&#8221; _builder_version=&#8221;4.27.4&#8243; _module_preset=&#8221;default&#8221; max_width=&#8221;682px&#8221; custom_margin=&#8221;0px||10px||false|false&#8221; hover_enabled=&#8221;0&#8243; global_colors_info=&#8221;{}&#8221; sticky_enabled=&#8221;0&#8243;][\/et_pb_image][et_pb_gallery gallery_ids=&#8221;264645,264646,264648,264649,264650,264651,264652,264998,264999,265000&#8243; fullwidth=&#8221;on&#8221; _builder_version=&#8221;4.27.4&#8243; _module_preset=&#8221;default&#8221; child_mix_blend_mode=&#8221;overlay&#8221; global_colors_info=&#8221;{}&#8221;][\/et_pb_gallery][\/et_pb_column][et_pb_column type=&#8221;2_5&#8243; _builder_version=&#8221;4.27.4&#8243; custom_css_main_element=&#8221;margin: auto auto 0;&#8221; global_colors_info=&#8221;{}&#8221;][et_pb_text module_class=&#8221;jb_content_text&#8221; _builder_version=&#8221;4.27.4&#8243; _module_preset=&#8221;default&#8221; custom_margin=&#8221;||||false|false&#8221; global_colors_info=&#8221;{}&#8221;]<\/p>\n<p><span style=\"font-weight: 400;\">M\u00f3nica ha sido residente de Miami Beach por 16 a\u00f1os y es madre soltera de dos hijos, Magglio y Tiago. Ella sabe que una educaci\u00f3n de calidad es la clave para una familia y una comunidad exitosas, algo que comenz\u00f3 con su propia participaci\u00f3n como madre.<\/span><\/p>\n<p><span style=\"font-weight: 400;\">M\u00f3nica tiene dos hijos maravillosos, Magglio y Tiago, quienes asistieron a South Pointe Elementary y Nautilus Middle School, y que actualmente estudian en Miami Beach Senior High School. Desde que sus hijos comenzaron la escuela, M\u00f3nica ha estado involucrada en las asociaciones de padres y maestros (PTA).<\/span><\/p>\n<p><span style=\"font-weight: 400;\">Cuando lleg\u00f3 el COVID, M\u00f3nica comprendi\u00f3 lo dif\u00edcil que ser\u00eda, tanto a corto como a largo plazo, para los estudiantes y los padres. En ese momento, Magglio hab\u00eda comenzado en Nautilus Middle School; M\u00f3nica hizo lo que siempre hab\u00eda hecho: se puso manos a la obra y tom\u00f3 acci\u00f3n convirti\u00e9ndose en presidenta del PTSA y ayudando cuando nuestros estudiantes y padres m\u00e1s lo necesitaban.<\/span><\/p>\n<p><span style=\"font-weight: 400;\">M\u00f3nica sigue firme en su apoyo a la ampliaci\u00f3n de oportunidades educativas m\u00e1s all\u00e1 de lo que ofrece la Junta Escolar del Condado de Miami-Dade.<\/span><\/p>\n<p>[\/et_pb_text][\/et_pb_column][\/et_pb_row][\/et_pb_section]<\/p>\n","protected":false},"excerpt":{"rendered":"<p>M\u00f3nica ha sido residente de Miami Beach por 16 a\u00f1os y es madre soltera de dos hijos, Magglio y Tiago. Ella sabe que una educaci\u00f3n de calidad es la clave para una familia y una comunidad exitosas, algo que comenz\u00f3 con su propia participaci\u00f3n como madre. M\u00f3nica tiene dos hijos maravillosos, Magglio y Tiago, quienes [&hellip;]<\/p>\n","protected":false},"author":1,"featured_media":0,"parent":0,"menu_order":0,"comment_status":"closed","ping_status":"closed","template":"","meta":{"_et_pb_use_builder":"on","_et_pb_old_content":"","_et_gb_content_width":"","footnotes":""},"class_list":["post-264606","page","type-page","status-publish","hentry"],"_links":{"self":[{"href":"https:\/\/www.monicamatteosalinas.com\/es\/wp-json\/wp\/v2\/pages\/264606","targetHints":{"allow":["GET"]}}],"collection":[{"href":"https:\/\/www.monicamatteosalinas.com\/es\/wp-json\/wp\/v2\/pages"}],"about":[{"href":"https:\/\/www.monicamatteosalinas.com\/es\/wp-json\/wp\/v2\/types\/page"}],"author":[{"embeddable":true,"href":"https:\/\/www.monicamatteosalinas.com\/es\/wp-json\/wp\/v2\/users\/1"}],"replies":[{"embeddable":true,"href":"https:\/\/www.monicamatteosalinas.com\/es\/wp-json\/wp\/v2\/comments?post=264606"}],"version-history":[{"count":19,"href":"https:\/\/www.monicamatteosalinas.com\/es\/wp-json\/wp\/v2\/pages\/264606\/revisions"}],"predecessor-version":[{"id":987502105,"href":"https:\/\/www.monicamatteosalinas.com\/es\/wp-json\/wp\/v2\/pages\/264606\/revisions\/987502105"}],"wp:attachment":[{"href":"https:\/\/www.monicamatteosalinas.com\/es\/wp-json\/wp\/v2\/media?parent=264606"}],"curies":[{"name":"wp","href":"https:\/\/api.w.org\/{rel}","templated":true}]}}