{"id":264610,"date":"2025-07-08T00:16:13","date_gmt":"2025-07-08T00:16:13","guid":{"rendered":"https:\/\/monicamatteosalinas.com\/?page_id=264610"},"modified":"2025-08-15T20:43:40","modified_gmt":"2025-08-15T20:43:40","slug":"experiencia-en-gestion-municipal","status":"publish","type":"page","link":"https:\/\/www.monicamatteosalinas.com\/es\/experiencia-en-gestion-municipal\/","title":{"rendered":"Experiencia en gesti\u00f3n municipal"},"content":{"rendered":"<p>[et_pb_section fb_built=&#8221;1&#8243; _builder_version=&#8221;4.27.4&#8243; background_enable_color=&#8221;off&#8221; background_enable_image=&#8221;off&#8221; background_position=&#8221;top_center&#8221; custom_margin=&#8221;0px||||false|false&#8221; custom_padding=&#8221;0px||||false|false&#8221; global_colors_info=&#8221;{}&#8221;][et_pb_row column_structure=&#8221;1_2,1_2&#8243; _builder_version=&#8221;4.16&#8243; global_colors_info=&#8221;{}&#8221;][et_pb_column type=&#8221;1_2&#8243; _builder_version=&#8221;4.16&#8243; global_colors_info=&#8221;{}&#8221;][et_pb_image src=&#8221;https:\/\/www.monicamatteosalinas.com\/wp-content\/uploads\/2025\/07\/MonicaCityHall.webp&#8221; title_text=&#8221;MonicaCityHall&#8221; _builder_version=&#8221;4.27.4&#8243; _module_preset=&#8221;default&#8221; custom_margin=&#8221;||0px||false|false&#8221; custom_padding=&#8221;||0px||false|false&#8221; global_colors_info=&#8221;{}&#8221;][\/et_pb_image][et_pb_text module_class=&#8221;jb_cust_02&#8243; _builder_version=&#8221;4.27.4&#8243; _module_preset=&#8221;default&#8221; custom_margin=&#8221;0px||||false|false&#8221; custom_padding=&#8221;0px||||false|false&#8221; global_colors_info=&#8221;{}&#8221;]<\/p>\n<h3 style=\"text-align: center;\">The most qualified candidate <br \/>for Miami Beach Commissioner<\/h3>\n<p>[\/et_pb_text][\/et_pb_column][et_pb_column type=&#8221;1_2&#8243; _builder_version=&#8221;4.16&#8243; global_colors_info=&#8221;{}&#8221;][et_pb_image src=&#8221;https:\/\/monicamatteosalinas.com\/wp-content\/uploads\/2025\/07\/Banner-Logo-Only.png&#8221; title_text=&#8221;Banner-Logo-Only&#8221; _builder_version=&#8221;4.27.4&#8243; _module_preset=&#8221;default&#8221; custom_margin=&#8221;|||-90px|false|false&#8221; global_colors_info=&#8221;{}&#8221; custom_margin_phone=&#8221;|||0px|false|false&#8221; custom_margin_last_edited=&#8221;on|phone&#8221; custom_margin_tablet=&#8221;|||-90px|false|false&#8221;][\/et_pb_image][et_pb_image src=&#8221;https:\/\/www.monicamatteosalinas.com\/es\/wp-content\/uploads\/2025\/08\/Experiencia-en-gestion-municipal.webp&#8221; title_text=&#8221;Experiencia-en-gestion-municipal&#8221; _builder_version=&#8221;4.27.4&#8243; _module_preset=&#8221;default&#8221; global_colors_info=&#8221;{}&#8221;][\/et_pb_image][et_pb_text module_class=&#8221;jb_content_text&#8221; _builder_version=&#8221;4.27.4&#8243; _module_preset=&#8221;default&#8221; global_colors_info=&#8221;{}&#8221;]<\/p>\n<p>Como asistente de dos comisionados, M\u00f3nica resolvi\u00f3 problemas y logr\u00f3 resultados para cientos de residentes.<\/p>\n<p>Esta experiencia le ha dado un conocimiento profundo sobre c\u00f3mo funciona (y a veces no funciona) la ciudad<\/p>\n<p>M\u00f3nica es una l\u00edder que ha luchado por los residentes, una y otra vez, con sentido com\u00fan, experiencia, dedicaci\u00f3n y una actitud enfocada en las soluciones. Sabe que ayudar a sus vecinos beneficia a toda la comunidad.<\/p>\n<p>Como exmiembro y expresidenta de la junta directiva de la Corporaci\u00f3n de Desarrollo Comunitario de Miami Beach, M\u00f3nica tiene experiencia de primera mano para enfrentar los desaf\u00edos en la construcci\u00f3n de viviendas asequibles en la ciudad. Como comisionada, pondr\u00e1 en pr\u00e1ctica esa experiencia para lograr mayores resultados en beneficio de nuestros residentes, tanto dentro como fuera de la alcald\u00eda, trabajando en consenso para impulsar el progreso de toda la comunidad.<\/p>\n<p>[\/et_pb_text][\/et_pb_column][\/et_pb_row][\/et_pb_section]<\/p>\n","protected":false},"excerpt":{"rendered":"<p>The most qualified candidate for Miami Beach CommissionerComo asistente de dos comisionados, M\u00f3nica resolvi\u00f3 problemas y logr\u00f3 resultados para cientos de residentes. Esta experiencia le ha dado un conocimiento profundo sobre c\u00f3mo funciona (y a veces no funciona) la ciudad M\u00f3nica es una l\u00edder que ha luchado por los residentes, una y otra vez, con [&hellip;]<\/p>\n","protected":false},"author":1,"featured_media":0,"parent":0,"menu_order":0,"comment_status":"closed","ping_status":"closed","template":"","meta":{"_et_pb_use_builder":"on","_et_pb_old_content":"","_et_gb_content_width":"","footnotes":""},"class_list":["post-264610","page","type-page","status-publish","hentry"],"_links":{"self":[{"href":"https:\/\/www.monicamatteosalinas.com\/es\/wp-json\/wp\/v2\/pages\/264610","targetHints":{"allow":["GET"]}}],"collection":[{"href":"https:\/\/www.monicamatteosalinas.com\/es\/wp-json\/wp\/v2\/pages"}],"about":[{"href":"https:\/\/www.monicamatteosalinas.com\/es\/wp-json\/wp\/v2\/types\/page"}],"author":[{"embeddable":true,"href":"https:\/\/www.monicamatteosalinas.com\/es\/wp-json\/wp\/v2\/users\/1"}],"replies":[{"embeddable":true,"href":"https:\/\/www.monicamatteosalinas.com\/es\/wp-json\/wp\/v2\/comments?post=264610"}],"version-history":[{"count":12,"href":"https:\/\/www.monicamatteosalinas.com\/es\/wp-json\/wp\/v2\/pages\/264610\/revisions"}],"predecessor-version":[{"id":987502075,"href":"https:\/\/www.monicamatteosalinas.com\/es\/wp-json\/wp\/v2\/pages\/264610\/revisions\/987502075"}],"wp:attachment":[{"href":"https:\/\/www.monicamatteosalinas.com\/es\/wp-json\/wp\/v2\/media?parent=264610"}],"curies":[{"name":"wp","href":"https:\/\/api.w.org\/{rel}","templated":true}]}}