{"id":264614,"date":"2025-07-07T21:13:41","date_gmt":"2025-07-07T21:13:41","guid":{"rendered":"https:\/\/monicamatteosalinas.com\/?page_id=264614"},"modified":"2025-08-15T20:41:47","modified_gmt":"2025-08-15T20:41:47","slug":"trayectoria-profesional","status":"publish","type":"page","link":"https:\/\/www.monicamatteosalinas.com\/es\/trayectoria-profesional\/","title":{"rendered":"Trayectoria profesional"},"content":{"rendered":"<p>[et_pb_section fb_built=&#8221;1&#8243; _builder_version=&#8221;4.27.4&#8243; background_enable_color=&#8221;off&#8221; background_enable_image=&#8221;off&#8221; background_position=&#8221;top_center&#8221; custom_margin=&#8221;0px||||false|false&#8221; custom_padding=&#8221;0px||||false|false&#8221; hover_enabled=&#8221;0&#8243; global_colors_info=&#8221;{}&#8221; sticky_enabled=&#8221;0&#8243;][et_pb_row column_structure=&#8221;1_2,1_2&#8243; make_equal=&#8221;on&#8221; _builder_version=&#8221;4.27.4&#8243; hover_enabled=&#8221;0&#8243; global_colors_info=&#8221;{}&#8221; sticky_enabled=&#8221;0&#8243;][et_pb_column type=&#8221;1_2&#8243; _builder_version=&#8221;4.27.4&#8243; hover_enabled=&#8221;0&#8243; custom_css_main_element=&#8221;\/*margin: auto auto 0;*\/&#8221; global_colors_info=&#8221;{}&#8221; sticky_enabled=&#8221;0&#8243;][et_pb_image src=&#8221;https:\/\/monicamatteosalinas.com\/wp-content\/uploads\/2025\/07\/Monica_1jpg-scaled.jpg&#8221; title_text=&#8221;Monica_1jpg&#8221; _builder_version=&#8221;4.27.4&#8243; _module_preset=&#8221;default&#8221; custom_margin=&#8221;||0px||false|false&#8221; custom_padding=&#8221;||0px||false|false&#8221; hover_enabled=&#8221;0&#8243; global_colors_info=&#8221;{}&#8221; sticky_enabled=&#8221;0&#8243;][\/et_pb_image][et_pb_text module_class=&#8221;jb_cust_02&#8243; _builder_version=&#8221;4.27.4&#8243; _module_preset=&#8221;default&#8221; custom_margin=&#8221;0px||||false|false&#8221; custom_padding=&#8221;0px||||false|false&#8221; global_colors_info=&#8221;{}&#8221;]<\/p>\n<h3 style=\"text-align: center;\">The most qualified candidate<br \/>for Miami Beach Commissioner<\/h3>\n<p>[\/et_pb_text][\/et_pb_column][et_pb_column type=&#8221;1_2&#8243; _builder_version=&#8221;4.27.4&#8243; custom_css_main_element=&#8221;margin: auto auto 0;&#8221; global_colors_info=&#8221;{}&#8221;][et_pb_image src=&#8221;https:\/\/monicamatteosalinas.com\/wp-content\/uploads\/2025\/07\/Banner-Logo-Only.png&#8221; title_text=&#8221;Banner-Logo-Only&#8221; _builder_version=&#8221;4.27.4&#8243; _module_preset=&#8221;default&#8221; custom_margin=&#8221;|||-90px|false|false&#8221; global_colors_info=&#8221;{}&#8221; custom_margin_phone=&#8221;|||0px|false|false&#8221; custom_margin_last_edited=&#8221;on|phone&#8221; custom_margin_tablet=&#8221;|||-90px|false|false&#8221;][\/et_pb_image][et_pb_image src=&#8221;https:\/\/www.monicamatteosalinas.com\/es\/wp-content\/uploads\/2025\/08\/Trayectoria-profesional.webp&#8221; title_text=&#8221;Trayectoria-profesional&#8221; _builder_version=&#8221;4.27.4&#8243; _module_preset=&#8221;default&#8221; global_colors_info=&#8221;{}&#8221;][\/et_pb_image][et_pb_text module_class=&#8221;jb_content_text&#8221; _builder_version=&#8221;4.27.4&#8243; _module_preset=&#8221;default&#8221; global_colors_info=&#8221;{}&#8221;]<\/p>\n<p>M\u00f3nica es graduada del James Madison Honors College de la Universidad Estatal de Michigan, con una licenciatura en Relaciones Sociales y Pol\u00edticas P\u00fablicas.<\/p>\n<p><strong>\u00a0<\/strong>Desde siempre ha estado interesada en c\u00f3mo el gobierno local puede servir mejor a sus ciudadanos. Como asistente de comisi\u00f3n de dos diferentes comisionados de Miami Beach, M\u00f3nica conoce de primera mano c\u00f3mo funciona (o a veces no funciona) nuestra ciudad, gracias a su experiencia ayudando directamente a cientos de residentes a resolver sus problemas.<\/p>\n<p>Es una l\u00edder que ha asumido responsabilidades una y otra vez, con sentido com\u00fan, experiencia, compromiso y una actitud enfocada en las soluciones. Cree firmemente en ayudar a sus vecinos y llevarle beneficios a toda la comunidad. Como nuestra comisionada, M\u00f3nica Matteo-Salinas obtendr\u00e1 mejores resultados para los residentes, tanto dentro como fuera de la alcald\u00eda.<\/p>\n<p>Como exmiembro y expresidenta de la junta directiva de la Corporaci\u00f3n de Desarrollo Comunitario de Miami Beach, M\u00f3nica tiene experiencia de primera mano en los desaf\u00edos de la vivienda asequible en la ciudad.<\/p>\n<p>\u00a0Gracias a su servicio en <strong>Miami Beach United<\/strong>, M\u00f3nica comprende la din\u00e1mica comunitaria, sus principales problemas y tiene la capacidad de construir consensos para crear soluciones reales que traigan progreso.\u00a0<\/p>\n<p>M\u00f3nica es una l\u00edder que siempre ha dado un paso al frente con sensatez, experiencia, perseverancia y una mentalidad orientada a resolver problemas.<\/p>\n<p>[\/et_pb_text][\/et_pb_column][\/et_pb_row][\/et_pb_section]<\/p>\n","protected":false},"excerpt":{"rendered":"<p>The most qualified candidatefor Miami Beach CommissionerM\u00f3nica es graduada del James Madison Honors College de la Universidad Estatal de Michigan, con una licenciatura en Relaciones Sociales y Pol\u00edticas P\u00fablicas. \u00a0Desde siempre ha estado interesada en c\u00f3mo el gobierno local puede servir mejor a sus ciudadanos. Como asistente de comisi\u00f3n de dos diferentes comisionados de Miami [&hellip;]<\/p>\n","protected":false},"author":1,"featured_media":0,"parent":0,"menu_order":0,"comment_status":"closed","ping_status":"closed","template":"","meta":{"_et_pb_use_builder":"on","_et_pb_old_content":"","_et_gb_content_width":"","footnotes":""},"class_list":["post-264614","page","type-page","status-publish","hentry"],"_links":{"self":[{"href":"https:\/\/www.monicamatteosalinas.com\/es\/wp-json\/wp\/v2\/pages\/264614","targetHints":{"allow":["GET"]}}],"collection":[{"href":"https:\/\/www.monicamatteosalinas.com\/es\/wp-json\/wp\/v2\/pages"}],"about":[{"href":"https:\/\/www.monicamatteosalinas.com\/es\/wp-json\/wp\/v2\/types\/page"}],"author":[{"embeddable":true,"href":"https:\/\/www.monicamatteosalinas.com\/es\/wp-json\/wp\/v2\/users\/1"}],"replies":[{"embeddable":true,"href":"https:\/\/www.monicamatteosalinas.com\/es\/wp-json\/wp\/v2\/comments?post=264614"}],"version-history":[{"count":14,"href":"https:\/\/www.monicamatteosalinas.com\/es\/wp-json\/wp\/v2\/pages\/264614\/revisions"}],"predecessor-version":[{"id":987502073,"href":"https:\/\/www.monicamatteosalinas.com\/es\/wp-json\/wp\/v2\/pages\/264614\/revisions\/987502073"}],"wp:attachment":[{"href":"https:\/\/www.monicamatteosalinas.com\/es\/wp-json\/wp\/v2\/media?parent=264614"}],"curies":[{"name":"wp","href":"https:\/\/api.w.org\/{rel}","templated":true}]}}